{"id":280,"date":"2021-12-22T10:21:53","date_gmt":"2021-12-22T09:21:53","guid":{"rendered":"https:\/\/dueerresrl.iimage.net\/home-page\/"},"modified":"2022-02-15T09:06:03","modified_gmt":"2022-02-15T08:06:03","slug":"home-page","status":"publish","type":"page","link":"https:\/\/dueerresrl.it\/de\/","title":{"rendered":"Home Page"},"content":{"rendered":"","protected":false},"excerpt":{"rendered":"","protected":false},"author":1,"featured_media":0,"parent":0,"menu_order":0,"comment_status":"closed","ping_status":"open","template":"","meta":{"_acf_changed":false,"footnotes":""},"class_list":["post-280","page","type-page","status-publish","hentry"],"acf":[],"yoast_head":"<!-- This site is optimized with the Yoast SEO plugin v26.9 - https:\/\/yoast.com\/product\/yoast-seo-wordpress\/ -->\n<title>Home Page - DUE ERRE<\/title>\n<meta name=\"description\" content=\"DUE ERRE ist auch f\u00fcr viele andere Branchen t\u00e4tig, so im Bereich Haushaltsger\u00e4te, und Einrichtungen, im Maschinenbau und allgemeinen \u00fcberall dort, wo die Verwendung von rostfreiem Stahl und anderen Metallen mit besonderer Oberfl\u00e4chenbehandlung gefragt ist.\" \/>\n<meta name=\"robots\" content=\"index, follow, max-snippet:-1, max-image-preview:large, max-video-preview:-1\" \/>\n<link rel=\"canonical\" href=\"https:\/\/dueerresrl.it\/de\/\" \/>\n<meta property=\"og:locale\" content=\"de_DE\" \/>\n<meta property=\"og:type\" content=\"article\" \/>\n<meta property=\"og:title\" content=\"Home Page - DUE ERRE\" \/>\n<meta property=\"og:description\" content=\"DUE ERRE ist auch f\u00fcr viele andere Branchen t\u00e4tig, so im Bereich Haushaltsger\u00e4te, und Einrichtungen, im Maschinenbau und allgemeinen \u00fcberall dort, wo die Verwendung von rostfreiem Stahl und anderen Metallen mit besonderer Oberfl\u00e4chenbehandlung gefragt ist.\" \/>\n<meta property=\"og:url\" content=\"https:\/\/dueerresrl.it\/de\/\" \/>\n<meta property=\"og:site_name\" content=\"DUE ERRE\" \/>\n<meta property=\"article:modified_time\" content=\"2022-02-15T08:06:03+00:00\" \/>\n<meta name=\"twitter:card\" content=\"summary_large_image\" \/>\n<script type=\"application\/ld+json\" class=\"yoast-schema-graph\">{\"@context\":\"https:\/\/schema.org\",\"@graph\":[{\"@type\":\"WebPage\",\"@id\":\"https:\/\/dueerresrl.it\/de\/\",\"url\":\"https:\/\/dueerresrl.it\/de\/\",\"name\":\"Home Page - DUE ERRE\",\"isPartOf\":{\"@id\":\"https:\/\/dueerresrl.it\/de\/#website\"},\"datePublished\":\"2021-12-22T09:21:53+00:00\",\"dateModified\":\"2022-02-15T08:06:03+00:00\",\"description\":\"DUE ERRE ist auch f\u00fcr viele andere Branchen t\u00e4tig, so im Bereich Haushaltsger\u00e4te, und Einrichtungen, im Maschinenbau und allgemeinen \u00fcberall dort, wo die Verwendung von rostfreiem Stahl und anderen Metallen mit besonderer Oberfl\u00e4chenbehandlung gefragt ist.\",\"breadcrumb\":{\"@id\":\"https:\/\/dueerresrl.it\/de\/#breadcrumb\"},\"inLanguage\":\"de\",\"potentialAction\":[{\"@type\":\"ReadAction\",\"target\":[\"https:\/\/dueerresrl.it\/de\/\"]}]},{\"@type\":\"BreadcrumbList\",\"@id\":\"https:\/\/dueerresrl.it\/de\/#breadcrumb\",\"itemListElement\":[{\"@type\":\"ListItem\",\"position\":1,\"name\":\"Home\",\"item\":\"https:\/\/dueerresrl.it\/de\/\"},{\"@type\":\"ListItem\",\"position\":2,\"name\":\"Home Page\"}]},{\"@type\":\"WebSite\",\"@id\":\"https:\/\/dueerresrl.it\/de\/#website\",\"url\":\"https:\/\/dueerresrl.it\/de\/\",\"name\":\"DUE ERRE\",\"description\":\"Lucidatura metalli Padova e lucidatura manuale di metalli\",\"publisher\":{\"@id\":\"https:\/\/dueerresrl.it\/de\/#organization\"},\"potentialAction\":[{\"@type\":\"SearchAction\",\"target\":{\"@type\":\"EntryPoint\",\"urlTemplate\":\"https:\/\/dueerresrl.it\/de\/?s={search_term_string}\"},\"query-input\":{\"@type\":\"PropertyValueSpecification\",\"valueRequired\":true,\"valueName\":\"search_term_string\"}}],\"inLanguage\":\"de\"},{\"@type\":\"Organization\",\"@id\":\"https:\/\/dueerresrl.it\/de\/#organization\",\"name\":\"DUE ERRE\",\"url\":\"https:\/\/dueerresrl.it\/de\/\",\"logo\":{\"@type\":\"ImageObject\",\"inLanguage\":\"de\",\"@id\":\"https:\/\/dueerresrl.it\/de\/#\/schema\/logo\/image\/\",\"url\":\"https:\/\/dueerresrl.it\/wp-content\/uploads\/2022\/01\/logo.png\",\"contentUrl\":\"https:\/\/dueerresrl.it\/wp-content\/uploads\/2022\/01\/logo.png\",\"width\":300,\"height\":50,\"caption\":\"DUE ERRE\"},\"image\":{\"@id\":\"https:\/\/dueerresrl.it\/de\/#\/schema\/logo\/image\/\"}}]}<\/script>\n<!-- \/ Yoast SEO plugin. -->","yoast_head_json":{"title":"Home Page - DUE ERRE","description":"DUE ERRE ist auch f\u00fcr viele andere Branchen t\u00e4tig, so im Bereich Haushaltsger\u00e4te, und Einrichtungen, im Maschinenbau und allgemeinen \u00fcberall dort, wo die Verwendung von rostfreiem Stahl und anderen Metallen mit besonderer Oberfl\u00e4chenbehandlung gefragt ist.","robots":{"index":"index","follow":"follow","max-snippet":"max-snippet:-1","max-image-preview":"max-image-preview:large","max-video-preview":"max-video-preview:-1"},"canonical":"https:\/\/dueerresrl.it\/de\/","og_locale":"de_DE","og_type":"article","og_title":"Home Page - DUE ERRE","og_description":"DUE ERRE ist auch f\u00fcr viele andere Branchen t\u00e4tig, so im Bereich Haushaltsger\u00e4te, und Einrichtungen, im Maschinenbau und allgemeinen \u00fcberall dort, wo die Verwendung von rostfreiem Stahl und anderen Metallen mit besonderer Oberfl\u00e4chenbehandlung gefragt ist.","og_url":"https:\/\/dueerresrl.it\/de\/","og_site_name":"DUE ERRE","article_modified_time":"2022-02-15T08:06:03+00:00","twitter_card":"summary_large_image","schema":{"@context":"https:\/\/schema.org","@graph":[{"@type":"WebPage","@id":"https:\/\/dueerresrl.it\/de\/","url":"https:\/\/dueerresrl.it\/de\/","name":"Home Page - DUE ERRE","isPartOf":{"@id":"https:\/\/dueerresrl.it\/de\/#website"},"datePublished":"2021-12-22T09:21:53+00:00","dateModified":"2022-02-15T08:06:03+00:00","description":"DUE ERRE ist auch f\u00fcr viele andere Branchen t\u00e4tig, so im Bereich Haushaltsger\u00e4te, und Einrichtungen, im Maschinenbau und allgemeinen \u00fcberall dort, wo die Verwendung von rostfreiem Stahl und anderen Metallen mit besonderer Oberfl\u00e4chenbehandlung gefragt ist.","breadcrumb":{"@id":"https:\/\/dueerresrl.it\/de\/#breadcrumb"},"inLanguage":"de","potentialAction":[{"@type":"ReadAction","target":["https:\/\/dueerresrl.it\/de\/"]}]},{"@type":"BreadcrumbList","@id":"https:\/\/dueerresrl.it\/de\/#breadcrumb","itemListElement":[{"@type":"ListItem","position":1,"name":"Home","item":"https:\/\/dueerresrl.it\/de\/"},{"@type":"ListItem","position":2,"name":"Home Page"}]},{"@type":"WebSite","@id":"https:\/\/dueerresrl.it\/de\/#website","url":"https:\/\/dueerresrl.it\/de\/","name":"DUE ERRE","description":"Lucidatura metalli Padova e lucidatura manuale di metalli","publisher":{"@id":"https:\/\/dueerresrl.it\/de\/#organization"},"potentialAction":[{"@type":"SearchAction","target":{"@type":"EntryPoint","urlTemplate":"https:\/\/dueerresrl.it\/de\/?s={search_term_string}"},"query-input":{"@type":"PropertyValueSpecification","valueRequired":true,"valueName":"search_term_string"}}],"inLanguage":"de"},{"@type":"Organization","@id":"https:\/\/dueerresrl.it\/de\/#organization","name":"DUE ERRE","url":"https:\/\/dueerresrl.it\/de\/","logo":{"@type":"ImageObject","inLanguage":"de","@id":"https:\/\/dueerresrl.it\/de\/#\/schema\/logo\/image\/","url":"https:\/\/dueerresrl.it\/wp-content\/uploads\/2022\/01\/logo.png","contentUrl":"https:\/\/dueerresrl.it\/wp-content\/uploads\/2022\/01\/logo.png","width":300,"height":50,"caption":"DUE ERRE"},"image":{"@id":"https:\/\/dueerresrl.it\/de\/#\/schema\/logo\/image\/"}}]}},"_links":{"self":[{"href":"https:\/\/dueerresrl.it\/de\/wp-json\/wp\/v2\/pages\/280","targetHints":{"allow":["GET"]}}],"collection":[{"href":"https:\/\/dueerresrl.it\/de\/wp-json\/wp\/v2\/pages"}],"about":[{"href":"https:\/\/dueerresrl.it\/de\/wp-json\/wp\/v2\/types\/page"}],"author":[{"embeddable":true,"href":"https:\/\/dueerresrl.it\/de\/wp-json\/wp\/v2\/users\/1"}],"replies":[{"embeddable":true,"href":"https:\/\/dueerresrl.it\/de\/wp-json\/wp\/v2\/comments?post=280"}],"version-history":[{"count":0,"href":"https:\/\/dueerresrl.it\/de\/wp-json\/wp\/v2\/pages\/280\/revisions"}],"wp:attachment":[{"href":"https:\/\/dueerresrl.it\/de\/wp-json\/wp\/v2\/media?parent=280"}],"curies":[{"name":"wp","href":"https:\/\/api.w.org\/{rel}","templated":true}]}}